{"id":21,"date":"2017-07-21T18:18:18","date_gmt":"2017-07-21T18:18:18","guid":{"rendered":"http:\/\/wp12921026.server-he.de\/?page_id=21"},"modified":"2022-06-10T07:28:04","modified_gmt":"2022-06-10T07:28:04","slug":"reisebuero","status":"publish","type":"page","link":"http:\/\/www.traumreisen-mit-mayer.de\/?page_id=21","title":{"rendered":"REISEB\u00dcRO"},"content":{"rendered":"<p><a href=\"http:\/\/www.traumreisen-mit-mayer.de\/wp-content\/uploads\/2021\/11\/kombi2021.jpg\"><img class=\"aligncenter wp-image-82 size-full\" src=\"http:\/\/www.traumreisen-mit-mayer.de\/wp-content\/uploads\/2021\/11\/kombi2021.jpg\" alt=\"\" width=\"1800\" \/><\/a><\/p>\n<h1>Reiseb\u00fcro Mayer<\/h1>\n<p>Bei unserem pers\u00f6nlich gef\u00fchrten Reiseb\u00fcro k\u00f6nnen Sie auf eine langj\u00e4hrige Erfahrung und Fachkompetenz vertrauen \u2013 seit 1981 beraten wir unsere Kunden rund um das Thema Reisen im Herzen der Neckargem\u00fcnder Altstadt.<\/p>\n<p>In mehr als 35 Jahren konnten wir mit unserem Engagement eine sehr gro\u00dfe Zahl an begeisterten Stammkunden gewinnen.<br \/>\nSo konnten wir uns auch bis heute unsere Unabh\u00e4ngigkeit von den gro\u00dfen Reiseb\u00fcroketten erhalten.<br \/>\nKundenservice, ausf\u00fchrliche Beratung und Flexibilit\u00e4t sind f\u00fcr uns eine Selbstverst\u00e4ndlichkeit. Auf Nachfrage beraten wir Sie daher gerne auch au\u00dferhalb unsere B\u00fcro\u00f6ffnungszeiten \u2013 vereinbaren Sie ganz einfach Ihren pers\u00f6nlichen Termin!<br \/>\nErg\u00e4nzend zu Flug, Schiff und Auto oder falls die Reisegruppe mal etwas gr\u00f6\u00dfer ist, nutzen wir gerne die langj\u00e4hrige Erfahrung der Mayer GmbH Omnibusbetrieb und deren eigenveranstaltete Busreisen, die wir auch in unserem Reiseb\u00fcro vermitteln.<\/p>\n<p><a href=\"http:\/\/www.traumreisen-mit-mayer.de\/wp-content\/uploads\/2021\/11\/reisebuero2.jpg\"><img class=\"aligncenter wp-image-82 size-full\" src=\"http:\/\/www.traumreisen-mit-mayer.de\/wp-content\/uploads\/2021\/11\/reisebuero2.jpg\" alt=\"\" width=\"1800\" \/><\/a><\/p>\n<p>Bei allen Anfragen rund um das Thema Bus arbeiten wir eng mit der Mayer GmbH Omnibusbetrieb in Neckargem\u00fcnd zusammen und stehen Ihnen auch hier gerne als kompetenter Ansprechpartner zur Verf\u00fcgung. Egal ob Sie Ihre Reise selbst planen und den passenden Bus hierf\u00fcr anmieten m\u00f6chten oder ob Sie die Planung einer kompletten Busreise mit Hotel und Rahmenprogramm w\u00fcnschen \u2013 wir sind der richtige Partner f\u00fcr Sie. Der Busbetrieb bietet Ihnen hierzu diverse Busgr\u00f6\u00dfen von mindestens 22 Sitzpl\u00e4tzen bis maximal 55 Sitzpl\u00e4tzen an.<\/p>\n<h2><\/h2>\n<h2>Unser Team<\/h2>\n<div>\n<p><strong><a href=\"http:\/\/www.traumreisen-mit-mayer.de\/wp-content\/uploads\/2021\/11\/mayer2021.jpg\"><img class=\"size-medium wp-image-78 alignleft\" src=\"http:\/\/www.traumreisen-mit-mayer.de\/wp-content\/uploads\/2021\/11\/mayer2021-282x300.jpg\" alt=\"\" width=\"284\" \/><\/a>Edith Mayer<\/strong><\/p>\n<p><i>\u201eDie gr\u00f6\u00dfte Sehensw\u00fcrdigkeit, die es gibt, ist die Welt \u2013 sieh sie dir an.\u201c<\/i> &#8211; Kurt Tucholsky<\/p>\n<p><b>Schwerpunkte:<\/b> Ausarbeitung individueller Rundreisen, Nordeuropa, Kanaren, Mallorca, Karibik und Asien<\/p>\n<p><b>Lieblingsziele:<\/b> Mallorca, Norwegen, Costa Rica, Kreta, Kreuzfahrten mit der Mein Schiff Flotte und alles abseits vom Massentourismus<\/p>\n<\/div>\n<div style=\"clear: both\"><\/div>\n<p>&nbsp;<\/p>\n<div>\n<p><strong><a href=\"https:\/\/www.traumreisen-mit-mayer.de\/wp-content\/uploads\/2017\/07\/20170721-IMG_6785.jpg\"><img class=\"size-medium wp-image-78 alignleft\" src=\"https:\/\/www.traumreisen-mit-mayer.de\/wp-content\/uploads\/2017\/07\/20170721-IMG_6785-284x300.jpg\" alt=\"\" width=\"284\" srcset=\"http:\/\/www.traumreisen-mit-mayer.de\/wp-content\/uploads\/2017\/07\/20170721-IMG_6785-284x300.jpg 284w, http:\/\/www.traumreisen-mit-mayer.de\/wp-content\/uploads\/2017\/07\/20170721-IMG_6785-768x812.jpg 768w, http:\/\/www.traumreisen-mit-mayer.de\/wp-content\/uploads\/2017\/07\/20170721-IMG_6785-968x1024.jpg 968w, http:\/\/www.traumreisen-mit-mayer.de\/wp-content\/uploads\/2017\/07\/20170721-IMG_6785.jpg 1600w\" sizes=\"(max-width: 284px) 100vw, 284px\" \/><\/a>Irmgard Huber<\/strong><\/p>\n<p><i>\u201eArbeite nach der Devise: Geht nicht &#8211; gibt&#8217;s nicht\u201c<\/i><\/p>\n<p><b>Schwerpunkte:<\/b> Flug und Fernreisen, Spanien, Griechenland<\/p>\n<p><b>Lieblingsziele:<\/b> Center Parks und Freizeitparks. Schiffsreisen &#8222;Mein Schiff&#8220; und &#8222;AIDA&#8220;<\/p>\n<\/div>\n<p>&nbsp;<\/p>\n","protected":false},"excerpt":{"rendered":"<p>Reiseb\u00fcro Mayer Bei unserem pers\u00f6nlich gef\u00fchrten Reiseb\u00fcro k\u00f6nnen Sie auf eine langj\u00e4hrige Erfahrung und Fachkompetenz vertrauen \u2013 seit 1981 beraten wir unsere Kunden rund um das Thema Reisen im Herzen der Neckargem\u00fcnder Altstadt. In mehr als 35 Jahren konnten wir mit unserem Engagement eine sehr gro\u00dfe Zahl an begeisterten Stammkunden gewinnen. So konnten wir uns&#8230;<\/p>\n","protected":false},"author":1,"featured_media":81,"parent":0,"menu_order":0,"comment_status":"closed","ping_status":"closed","template":"page_nosidebar.php","meta":[],"_links":{"self":[{"href":"http:\/\/www.traumreisen-mit-mayer.de\/index.php?rest_route=\/wp\/v2\/pages\/21"}],"collection":[{"href":"http:\/\/www.traumreisen-mit-mayer.de\/index.php?rest_route=\/wp\/v2\/pages"}],"about":[{"href":"http:\/\/www.traumreisen-mit-mayer.de\/index.php?rest_route=\/wp\/v2\/types\/page"}],"author":[{"embeddable":true,"href":"http:\/\/www.traumreisen-mit-mayer.de\/index.php?rest_route=\/wp\/v2\/users\/1"}],"replies":[{"embeddable":true,"href":"http:\/\/www.traumreisen-mit-mayer.de\/index.php?rest_route=%2Fwp%2Fv2%2Fcomments&post=21"}],"version-history":[{"count":27,"href":"http:\/\/www.traumreisen-mit-mayer.de\/index.php?rest_route=\/wp\/v2\/pages\/21\/revisions"}],"predecessor-version":[{"id":958,"href":"http:\/\/www.traumreisen-mit-mayer.de\/index.php?rest_route=\/wp\/v2\/pages\/21\/revisions\/958"}],"wp:featuredmedia":[{"embeddable":true,"href":"http:\/\/www.traumreisen-mit-mayer.de\/index.php?rest_route=\/wp\/v2\/media\/81"}],"wp:attachment":[{"href":"http:\/\/www.traumreisen-mit-mayer.de\/index.php?rest_route=%2Fwp%2Fv2%2Fmedia&parent=21"}],"curies":[{"name":"wp","href":"https:\/\/api.w.org\/{rel}","templated":true}]}}