{"id":26,"date":"2017-07-21T18:19:39","date_gmt":"2017-07-21T18:19:39","guid":{"rendered":"http:\/\/wp12921026.server-he.de\/?page_id=26"},"modified":"2020-04-07T09:32:34","modified_gmt":"2020-04-07T09:32:34","slug":"unsere-reisebedingungen","status":"publish","type":"page","link":"http:\/\/www.traumreisen-mit-mayer.de\/?page_id=26","title":{"rendered":"REISEBEDINGUNGEN"},"content":{"rendered":"<h1>Reisebedingungen der Mayer GmbH Omnibusbetrieb<\/h1>\n<h4>G\u00fcltig f\u00fcr die angebotenen <strong>eigenveranstalteten <\/strong>Tagesfahrten und Busreisen <strong>(gilt nur f\u00fcr \u201eKatalogreisen\u201c und nicht f\u00fcr den Anmietverkehr! Die AGB\u2019s f\u00fcr den Anmietverkehr k\u00f6nnen Sie bei Bedarf direkt bei der Mayer GmbH Omnibusbetrieb anfordern)<\/strong><\/h4>\n<p>&nbsp;<\/p>\n<h3>Anmeldung und Platzverteilung:<\/h3>\n<p>Die Anmeldung zu einer Reise sollte immer im Interesse des Fahrgastes m\u00f6glichst fr\u00fchzeitig erfolgen, da die Pl\u00e4tze in den Bussen in der Reihenfolge der Anmel\u00addungseing\u00e4nge zugeteilt werden.<\/p>\n<h3>Mindestbeteiligung und Reiseausfall:<\/h3>\n<p>Alle Reisen werden bei einer Beteiligung ab 25 Personen durchgef\u00fchrt. Ein Reise\u00adausfall wird den gemeldeten Teilnehmern rechtzeitig mitgeteilt. Mu\u00df eine Reise wegen zu geringer Beteiligung oder sonstigen zwingenden Gr\u00fcnden von uns abgesagt werden, so entstehen Ihnen keinerlei Stornogeb\u00fchren. Bereits eingezahlte Betr\u00e4ge werden voll zur\u00fcckerstattet.<\/p>\n<h3>Zahlungen:<\/h3>\n<p>Bei Buchung sind folgende Anzahlungen pro Person zu leisten:<br \/>\n20% Anzahlung bei allen Busreisen<br \/>\nBei kombinierten Bus-\/Schiffsreisen sowie Flugreisen gelten gesonderte Anzahlungsbedingungen!<br \/>\nDie Restzahlung ist sp\u00e4testens 21 Tage vor Reiseantritt f\u00e4llig.<\/p>\n<h3>Stornierung einer Reise:<\/h3>\n<p>Sollten Sie von einer gebuchten Reise zur\u00fccktreten m\u00fcssen, so berechnen wir bei reinen Busreisen folgende R\u00fccktrittskosten:<\/p>\n<p>bis 30 Tage vor Reiseantritt 20 % (mind. jedoch 30,&#8211; Euro)<br \/>\n29 bis 22 Tage vor Reiseantritt 40 %<br \/>\n21 bis 15 Tage vor Reiseantritt 50 %<br \/>\nab 14 Tage vor Reisantritt 70 %<br \/>\nBei nicht angemeldetem R\u00fccktritt betragen die R\u00fccktrittskosten 100 %!<br \/>\nBei Teilstornierung eines Doppelzimmers wird der Einzelzimmerzuschlag f\u00fcr die verbleibende Person berechnet.<br \/>\nBei kombinierten Bus-\/Schiffsreisen und Flugreisen gelten spezielle Stornobedingungen, die wir Ihnen auf Wunsch gerne mitteilen!<br \/>\nBis zum Reisebeginn kann sich der Kunde bei der Durchf\u00fchrung der Reise durch einen Dritten vertreten lassen. Umbuchungen, die der Kunde w\u00fcnscht, werden mit 30,&#8211; Euro pro Person berechnet.<br \/>\n<strong>Wir empfehlen dringend den Abschlu\u00df einer Reiser\u00fccktrittskostenversicherung!!!<\/strong><\/p>\n<h3>Leistungen:<\/h3>\n<p>Der Umfang der vertraglichen Leistungen ergibt sich aus der Leistungsbeschrei\u00adbung in der Ausschreibung sowie aus den hierauf bezugnehmenden Angaben in der Reisebest\u00e4tigung. \u00c4nderungen und Abweichungen einzelner Reiseleistungen vom Inhalt des Reisevertrages, die nach Vertragsabschlu\u00df notwendig werden und die vom Reiseveranstalter nicht wider Treu und Glauben herbeigef\u00fchrt wurden, sind gestattet, soweit die \u00c4nderungen oder Abweichungen nicht erheblich sind und den Gesamtzuschnitt der gebuchten Reise nicht beeintr\u00e4chtigen.<\/p>\n<h3>Haftung:<\/h3>\n<p>Wir haften in der gesetzlich festgelegten H\u00f6he. Eine zus\u00e4tzliche <em>REISEUNFALL- ODER KRANKENVERSICHERUNG<\/em> k\u00f6nnen Sie vor Reiseantritt bei uns ab\u00adschlie\u00dfen.<\/p>\n<h3>Haftung bei Fremdleistungen:<\/h3>\n<p>Wir haften f\u00fcr die sorgf\u00e4ltige Auswahl der Leistungstr\u00e4ger (Bef\u00f6rderungs-unternehmer, Reiseleitung, Beherbungsbetriebe usw.). Wir haften jedoch nicht, wenn die einzelnen Leistungstr\u00e4ger trotz sorgf\u00e4ltiger Auswahl ihre Leistung nicht ordnungsgem\u00e4\u00df erbringen. Sollten die vereinbarten Reiseleistungen w\u00e4hrend Ihrer Reise nicht oder nur teilweise erf\u00fcllt werden, besteht ausschlie\u00dflich ein Anspruch auf eine angemessene Minderung bis zur H\u00f6he des Reisepreises. Auftretende Beanstandungen sind unverz\u00fcglich an Ort und Stelle dem Leistungs\u00adtr\u00e4ger geltend zu machen und von diesem schriftlich best\u00e4tigen zu lassen. Ist die Beanstandung nicht an Ort und Stelle erfolgt, mu\u00df diese bei uns innerhalb von 20 Tagen schriftlich geltend gemacht werden. Das Eingangsdatum ist ma\u00dfgebend. F\u00fcr sp\u00e4ter eingehende Anspr\u00fcche ist jede Haftung ausgeschlossen.<\/p>\n<h3>Allgemeines:<\/h3>\n<p>Wird eine Reise durch h\u00f6here Gewalt (Streiks, Unruhen usw.) beeinflu\u00dft, so gehen die daraus entstehenden Kosten zu Lasten des Reiseteilnehmers.<br \/>\n<em>\u00c4NDERUNGEN<\/em> der <em>REISESTRECKE<\/em> oder des <em>PROGRAMMS<\/em> aus technischen Gr\u00fcnden oder aus Gr\u00fcnden h\u00f6herer Gewalt bleiben vorbehalten.<\/p>\n<h3>Grenz\u00fcbertrittsdokumente:<\/h3>\n<p>F\u00fcr die Einhaltung der Pa\u00df-, Visa-, Zoll-, Devisen- und Gesundheitsbestimmun\u00adgen ist der Kunde selbst verantwortlich. Bei Auslandsreisen ben\u00f6tigen Sie einen g\u00fcltigen Personalausweis oder Reisepa\u00df.<\/p>\n<h3>Reisegep\u00e4ckbef\u00f6rderung:<\/h3>\n<p>Das Gep\u00e4ck ist mit genauer Anschrift des Reisenden zu versehen. Das Gep\u00e4ck wird in normalem Umfang ohne Haftung mitbef\u00f6rdert. Im Wageninnern untergebrachtes Gep\u00e4ck ist vom Fahrgast selbst zu beaufsichtigen. Mitreisende d\u00fcrfen durch Gep\u00e4ckst\u00fccke oder dgl. nicht behindert oder bel\u00e4stigt werden. F\u00fcr Verlust oder Vertausch von Gep\u00e4ckst\u00fccken, die unter Selbstaufsicht stehen, trifft den Unternehmer keine Haftung. Wir empfehlen Ihnen daher den Abschlu\u00df einer <em>REISEGEP\u00c4CK-VERSICHERUNG<\/em>.<\/p>\n<p>Der Fahrgast haftet f\u00fcr jeden Schaden, der durch die von ihm mitgef\u00fchrten Sachen verursacht wird.<\/p>\n<h3>Preiserh\u00f6hung:<\/h3>\n<p>Sollten sich vor oder w\u00e4hrend der Reise unsere Selbstkosten infolge von \u00c4nderungen der Treibstoffpreise, Steuern, Kurse ausl\u00e4ndischer W\u00e4hrungen, Hotelkosten, Erh\u00f6hung der Mineral\u00f6lsteuer bei Schiffen usw. wesentlich erh\u00f6hen, so behalten wir uns vor, die urspr\u00fcnglichen Preise zu korrigieren.<\/p>\n<h3>Zusteigem\u00f6glichkeiten:<\/h3>\n<p>Bitte erfragen Sie diese in unserem Reiseb\u00fcro und in den Buchungsstellen.<\/p>\n<p><strong>Erf\u00fcllungsort und Gerichtsstand:<\/strong> Heidelberg<\/p>\n","protected":false},"excerpt":{"rendered":"<p>Reisebedingungen der Mayer GmbH Omnibusbetrieb G\u00fcltig f\u00fcr die angebotenen eigenveranstalteten Tagesfahrten und Busreisen (gilt nur f\u00fcr \u201eKatalogreisen\u201c und nicht f\u00fcr den Anmietverkehr! Die AGB\u2019s f\u00fcr den Anmietverkehr k\u00f6nnen Sie bei Bedarf direkt bei der Mayer GmbH Omnibusbetrieb anfordern) &nbsp; Anmeldung und Platzverteilung: Die Anmeldung zu einer Reise sollte immer im Interesse des Fahrgastes m\u00f6glichst fr\u00fchzeitig&#8230;<\/p>\n","protected":false},"author":1,"featured_media":0,"parent":0,"menu_order":0,"comment_status":"closed","ping_status":"closed","template":"page_no_sidebar.php","meta":[],"_links":{"self":[{"href":"http:\/\/www.traumreisen-mit-mayer.de\/index.php?rest_route=\/wp\/v2\/pages\/26"}],"collection":[{"href":"http:\/\/www.traumreisen-mit-mayer.de\/index.php?rest_route=\/wp\/v2\/pages"}],"about":[{"href":"http:\/\/www.traumreisen-mit-mayer.de\/index.php?rest_route=\/wp\/v2\/types\/page"}],"author":[{"embeddable":true,"href":"http:\/\/www.traumreisen-mit-mayer.de\/index.php?rest_route=\/wp\/v2\/users\/1"}],"replies":[{"embeddable":true,"href":"http:\/\/www.traumreisen-mit-mayer.de\/index.php?rest_route=%2Fwp%2Fv2%2Fcomments&post=26"}],"version-history":[{"count":11,"href":"http:\/\/www.traumreisen-mit-mayer.de\/index.php?rest_route=\/wp\/v2\/pages\/26\/revisions"}],"predecessor-version":[{"id":331,"href":"http:\/\/www.traumreisen-mit-mayer.de\/index.php?rest_route=\/wp\/v2\/pages\/26\/revisions\/331"}],"wp:attachment":[{"href":"http:\/\/www.traumreisen-mit-mayer.de\/index.php?rest_route=%2Fwp%2Fv2%2Fmedia&parent=26"}],"curies":[{"name":"wp","href":"https:\/\/api.w.org\/{rel}","templated":true}]}}