{"id":16,"date":"2017-07-21T18:16:28","date_gmt":"2017-07-21T18:16:28","guid":{"rendered":"http:\/\/wp12921026.server-he.de\/?page_id=16"},"modified":"2023-07-03T11:58:51","modified_gmt":"2023-07-03T11:58:51","slug":"home","status":"publish","type":"page","link":"https:\/\/www.traumreisen-mit-mayer.de\/","title":{"rendered":"Home"},"content":{"rendered":"<div class=\"ak-container\">\n<div class=\"section-title-wrap\">\n<div class=\"sub-desc\">\n<h1>Herzlich Willkommen bei Mayer Reisen<\/h1>\n<p style=\"text-align: center;\">Wozu stundenlang im Internet nach dem passenden Urlaub suchen? Nutzen Sie lieber die Fachkompetenz unserer Reiseprofis\u2026.<\/p>\n<p style=\"text-align: center;\">Wir helfen Ihnen gerne bei der Gestaltung \u201eder sch\u00f6nsten Zeit des Jahres\u201c.<\/p>\n<p style=\"text-align: center;\">In unserem Sortiment finden Sie die meisten der namhaften Pauschalreiseveranstalter des deutschen Reisemarktes wie TUI, Schauinsland, Alltours, Rewe-Gruppe (DER, ITS, Jahn Reisen) sowie viele der Marktf\u00fchrer im Kreuzfahrtsegment wie AIDA, TUI Cruises, A-Rosa, Costa, MSC, Nicko Cruises oder Ph\u00f6nix Reisen. Auch individuellere Produkte wie z.B. Cham\u00e4leon Reisen, Lernidee, Taruk, Ikarus Reisen oder Olimar sind f\u00fcr uns eine Selbstverst\u00e4ndlichkeit.<\/p>\n<p style=\"text-align: center;\">Egal ob entspannter Badeurlaub, erlebnisreicher St\u00e4dtetrip, Gruppenerlebnis in Rund- oder Studienreisen oder Reisetrend Kreuzfahrt \u2013 wir sind garantiert der richtige Ansprechpartner f\u00fcr Sie.<\/p>\n<p style=\"text-align: center;\"><strong>Fordern Sie uns und unser Fachwissen heraus \u2013 wir beraten Sie gerne!<\/strong><\/p>\n<div style=\"border: 1px solid #EA5B0C; padding: 20px;\">\n<h3><b>Unsere \u00d6ffnungszeiten sind wie folgt:<\/b><\/h3>\n<p style=\"text-align: center;\">Montag \u2013 Samstag 9.30 Uhr \u2013 13 Uhr<\/p>\n<p style=\"text-align: center;\">Montag \u2013 Freitag 15.00 Uhr \u2013 17.00 Uhr<\/p>\n<p style=\"text-align: center;\"><strong>Au\u00dferhalb dieser \u00d6ffnungszeiten k\u00f6nnen Sie gerne mit uns individuelle Beratungstermine vereinbaren!<\/strong><\/p>\n<p style=\"text-align: center;\">Selbstverst\u00e4ndlich k\u00f6nnen Sie Ihre Reisew\u00fcnsche oder Anfragen auch gerne vorab per E-Mail an uns richten. Wir werden uns schriftlich oder telefonisch bei Ihnen melden. Unsere Adresse lautet <a href=\"mailto:reisebuero@reisen-mit-mayer.de\"><b>reisebuero@reisen-mit-mayer.de<\/b><\/a>.<\/p>\n<p style=\"text-align: center;\">Es gibt etwas Wichtiges, das absolut keinen Aufschub erlaubt? In wirklich dringenden F\u00e4llen erreichen Sie uns unter\u00a00172\/7007893\u2026<\/p>\n<\/div>\n<\/div>\n<div class=\"service-block-wrap clearfix\">\n<div class=\"service-block\">\n<div class=\"service-image\"><a class=\"image-wrap\" href=\"https:\/\/www.traumreisen-mit-mayer.de\/?page_id=21\"><br \/>\n<img src=\"https:\/\/www.traumreisen-mit-mayer.de\/wp-content\/uploads\/2017\/07\/IMG_6796_einzel-380x252.jpg\" alt=\"REISEB\u00dcRO\" \/><br \/>\n<\/a><\/p>\n<div class=\"service-overlay\"><\/div>\n<\/div>\n<div class=\"service-content\">\n<h1 class=\"service-title\"><a href=\"https:\/\/www.traumreisen-mit-mayer.de\/?page_id=21\">REISEB\u00dcRO<\/a><\/h1>\n<div class=\"service-desc\">Reiseb\u00fcro Mayer<br \/>\nBei unserem pers\u00f6nlich gef\u00fchrten Reiseb\u00fcro k\u00f6nnen Sie auf eine langj\u00e4hrige Erfahrung und Fachkompeten&#8230;<\/div>\n<\/div>\n<\/div>\n<div class=\"service-block\">\n<div class=\"service-image\"><a class=\"image-wrap\" href=\"https:\/\/www.traumreisen-mit-mayer.de\/?page_id=4\"><br \/>\n<img src=\"https:\/\/www.traumreisen-mit-mayer.de\/wp-content\/uploads\/2017\/07\/20150831-Bus1-380x252.jpg\" alt=\"BUSREISEN\" \/><br \/>\n<\/a><\/p>\n<div class=\"service-overlay\"><\/div>\n<\/div>\n<div class=\"service-content\">\n<h1 class=\"service-title\"><a href=\"https:\/\/www.traumreisen-mit-mayer.de\/?page_id=4\">BUSREISEN<\/a><\/h1>\n<div class=\"service-desc\">CONTENTS<\/div>\n<\/div>\n<\/div>\n<div class=\"service-block\">\n<div class=\"service-image\"><a class=\"image-wrap\" href=\"https:\/\/www.traumreisen-mit-mayer.de\/?page_id=24\"><br \/>\n<img src=\"https:\/\/www.traumreisen-mit-mayer.de\/wp-content\/uploads\/2017\/07\/20150201-Curacao5-1-380x252.jpg\" alt=\"UNSERE ATTRAKTIVEN TAGESFAHRTEN\" \/><br \/>\n<\/a><\/p>\n<div class=\"service-overlay\"><\/div>\n<\/div>\n<div class=\"service-content\">\n<h1 class=\"service-title\"><a href=\"https:\/\/www.traumreisen-mit-mayer.de\/?page_id=26\">REISEBEDINGUNGEN<\/a><\/h1>\n<div class=\"service-desc\">Unsere attraktiven Tagesfahrten<br \/>\nSeit dem 15.06.2020 d\u00fcrfen unsere Reisebusse nun endlich wieder \u201erollen\u201c\u2026<br \/>\nUnsere n\u00e4c&#8230;<\/div>\n<\/div>\n<\/div>\n<div class=\"service-block\">\n<div class=\"service-image\"><a class=\"image-wrap\" href=\"https:\/\/www.traumreisen-mit-mayer.de\/?page_id=18\"><br \/>\n<img src=\"http:\/\/www.traumreisen-mit-mayer.de\/wp-content\/uploads\/2021\/11\/reisebuero1-380x252.jpg\" alt=\"IMPRESSUM\" \/><br \/>\n<\/a><\/p>\n<div class=\"service-overlay\"><\/div>\n<\/div>\n<div class=\"service-content\">\n<h1 class=\"service-title\"><a href=\"https:\/\/www.traumreisen-mit-mayer.de\/?page_id=18\">IMPRESSUM<\/a><\/h1>\n<div class=\"service-desc\">Anbieterinformationen<br \/>\nReiseb\u00fcro Mayer GmbH<br \/>\nHauptstra\u00dfe 15<br \/>\n69151 Neckargem\u00fcndTel.: (06223) 6144<br \/>\nFax: (06223) 7332<\/p>\n<\/div>\n<\/div>\n<\/div>\n<\/div>\n<p><!-- service-block-wrap end --><\/p>\n<\/div>\n<div class=\"ak-container\">\n<div class=\"section-title-wrap\">\n<div class=\"sub-desc\">\n<div style=\"float: center;\">\n<div>\n<h1 class=\"feature-title\">KONTAKT<\/h1>\n<p>Hauptstra\u00dfe 15<br \/>\n69151 Neckargem\u00fcnd<\/p>\n<p>Telefon: 06223 6144<br \/>\nFax: 06223 73327<br \/>\nE-Mail: reisebuero@reisen-mit-mayer.de<\/p>\n<h1 class=\"feature-title\">\u00d6FFNUNGSZEITEN<\/h1>\n<p>Montag \u2013 Samstag 9.30 Uhr \u2013 13 Uhr<br \/>\nMontag \u2013 Freitag 15.00 Uhr \u2013 17.00 Uhr<\/p>\n<p><strong>Die Webseite des Firma Mayer GmbH Omnibusbetrieb in Neckargem\u00fcnd finden Sie unter<\/strong><br \/>\n<a href=\"https:\/\/www.reisen-mit-mayer.de\" target=\"_blank\" rel=\"noopener\">www.reisen-mit-mayer.de.<\/a><\/p>\n<\/div>\n<div><\/div>\n<\/div>\n<\/div>\n<\/div>\n<\/div>\n<\/div>\n","protected":false},"excerpt":{"rendered":"<p>Herzlich Willkommen bei Mayer Reisen Wozu stundenlang im Internet nach dem passenden Urlaub suchen? Nutzen Sie lieber die Fachkompetenz unserer Reiseprofis\u2026. Wir helfen Ihnen gerne bei der Gestaltung \u201eder sch\u00f6nsten Zeit des Jahres\u201c. In unserem Sortiment finden Sie die meisten der namhaften Pauschalreiseveranstalter des deutschen Reisemarktes wie TUI, Schauinsland, Alltours, Rewe-Gruppe (DER, ITS, Jahn Reisen)&#8230;<\/p>\n","protected":false},"author":1,"featured_media":0,"parent":0,"menu_order":0,"comment_status":"closed","ping_status":"closed","template":"page_reisebuero.php","meta":[],"_links":{"self":[{"href":"https:\/\/www.traumreisen-mit-mayer.de\/index.php?rest_route=\/wp\/v2\/pages\/16"}],"collection":[{"href":"https:\/\/www.traumreisen-mit-mayer.de\/index.php?rest_route=\/wp\/v2\/pages"}],"about":[{"href":"https:\/\/www.traumreisen-mit-mayer.de\/index.php?rest_route=\/wp\/v2\/types\/page"}],"author":[{"embeddable":true,"href":"https:\/\/www.traumreisen-mit-mayer.de\/index.php?rest_route=\/wp\/v2\/users\/1"}],"replies":[{"embeddable":true,"href":"https:\/\/www.traumreisen-mit-mayer.de\/index.php?rest_route=%2Fwp%2Fv2%2Fcomments&post=16"}],"version-history":[{"count":16,"href":"https:\/\/www.traumreisen-mit-mayer.de\/index.php?rest_route=\/wp\/v2\/pages\/16\/revisions"}],"predecessor-version":[{"id":1009,"href":"https:\/\/www.traumreisen-mit-mayer.de\/index.php?rest_route=\/wp\/v2\/pages\/16\/revisions\/1009"}],"wp:attachment":[{"href":"https:\/\/www.traumreisen-mit-mayer.de\/index.php?rest_route=%2Fwp%2Fv2%2Fmedia&parent=16"}],"curies":[{"name":"wp","href":"https:\/\/api.w.org\/{rel}","templated":true}]}}