{"id":24,"date":"2017-07-21T18:18:59","date_gmt":"2017-07-21T18:18:59","guid":{"rendered":"http:\/\/wp12921026.server-he.de\/?page_id=24"},"modified":"2026-03-23T05:01:23","modified_gmt":"2026-03-23T05:01:23","slug":"unsere-attraktiven-tagesfahrten","status":"publish","type":"page","link":"https:\/\/www.traumreisen-mit-mayer.de\/?page_id=24","title":{"rendered":"UNSERE ATTRAKTIVEN TAGESFAHRTEN"},"content":{"rendered":"<h3><a href=\"https:\/\/www.traumreisen-mit-mayer.de\/wp-content\/uploads\/2017\/07\/20150831-Bus1-1.jpg\"><img loading=\"lazy\" class=\"alignnone size-large wp-image-36\" src=\"http:\/\/www.traumreisen-mit-mayer.de\/wp-content\/uploads\/2017\/07\/20150831-Bus1-1-1024x398.jpg\" alt=\"\" width=\"640\" height=\"249\" srcset=\"https:\/\/www.traumreisen-mit-mayer.de\/wp-content\/uploads\/2017\/07\/20150831-Bus1-1-1024x398.jpg 1024w, https:\/\/www.traumreisen-mit-mayer.de\/wp-content\/uploads\/2017\/07\/20150831-Bus1-1-300x117.jpg 300w, https:\/\/www.traumreisen-mit-mayer.de\/wp-content\/uploads\/2017\/07\/20150831-Bus1-1-768x299.jpg 768w, https:\/\/www.traumreisen-mit-mayer.de\/wp-content\/uploads\/2017\/07\/20150831-Bus1-1.jpg 1800w\" sizes=\"(max-width: 640px) 100vw, 640px\" \/><\/a><\/h3>\n<h3>Tagesfahrtenprogramm 2026<\/h3>\n<hr \/>\n<p><strong>27.04.2026 Fachwerkstadt Wissembourg &#038; Kurpark Bad Bergzabern<\/strong><br \/>\nEinst ein kleiner Marktflecken aus Winzern und Handwerkern, hat es das wundersch\u00f6ne Wissembourg verstanden, sich sein urspr\u00fcngliches Flair und sein Kulturerbe zu bewahren. Bei einer ca. 50-min\u00fctigen Rundfahrt mit dem Minizug bewundern Sie das architektonische Erbe der Abteikirche Peter und Paul, die die D\u00e4cher der Altstadt \u00fcberragt, das Rathaus, das Salzhaus, die malerischen H\u00e4user und Pl\u00e4tze an der Lauter bis hin zu den Weinbergen. Bei einer netten Kaffeepause im Kurhaus von Bad Bergzabern lassen Sie den Tag ausklingen.<br \/>\n<strong>49,&#8211; \u20ac inkl. Minizug &#038; Kaffeegedeck<\/strong><\/p>\n<p>&nbsp;<\/p>\n<p><strong>10.05.2026 Muttertagsreise ins Blaue<\/strong><br \/>\nErleben Sie mit uns einen wundersch\u00f6nen Muttertagsausflug ins Blaue.<br \/>\nLassen Sie sich vom Ziel \u00fcberraschen und genie\u00dfen Sie kurzweilige Stunden in der Mayer-Reisefamilie.<br \/>\n<strong>75,&#8211; \u20ac inkl. Stadtf\u00fchrung, Mittagessen als 3-Gang-Men\u00fc, Kaffeegedeck<\/strong><\/p>\n<p>&nbsp;<\/p>\n<p><strong>24.05.2026 Schw\u00e4bisch-Hall &#038; \u201eWibele\u201c kosten im Cafe Bauer<\/strong><br \/>\nSchw\u00e4bisch Hall ist gepr\u00e4gt durch ein nahezu geschlossen erhaltenes historisches Stadtbild. Freuen Sie sich auf einen Besuch in der historischen Salzsiederstadt. Beim Spaziergang durch die engen Gassen erleben Sie die jahrhundertealte Geschichte mit jedem Schritt. Der historische Marktplatz in Schw\u00e4bisch Hall z\u00e4hlt zu den sch\u00f6nsten in S\u00fcddeutschland. Mit seinen vielen verschiedenen Baustilen ist er ein Kleinod. Danach besuchen Sie das Cafe Bauer im Schlo\u00df Langenburg. Noch heute werden dort die ber\u00fchmten Wibele in der Hofkonditorei G. F. Bauer in Langenburg in ununterbrochener Familientradition \u2013 mittlerweile in der 8. Generation \u2013 hergestellt. Im selben Haus und in der gleichen G\u00fcte wie zur Zeit des Konditormeisters Wibel.<br \/>\n<strong>39,&#8211; \u20ac inkl. Stadtf\u00fchrung<\/strong><\/p>\n<p>&nbsp;<\/p>\n<p><strong>23.06.2026 Gartenschau Ellwangen &#038; Blockhaus Abstatt<\/strong><br \/>\nEllwangen an der Jagst bl\u00fcht auf! Die Stadt bietet eine einzigartige Kombination aus Geschichte und Natur, die zum Entdecken und Erleben einl\u00e4dt. Der historische Stadtkern, das Schloss und die Kirchen, liegen inmitten der W\u00e4lder und Seen der Ostalb und an der Jagst. Zur Landesgartenschau 2026 wird sich unsere sch\u00f6ne Stadt in ein bl\u00fchendes Paradies verwandeln. Entdecken Sie Ellwangens nat\u00fcrliche Sch\u00f6nheit, die G\u00e4rten und Parks und genie\u00dfen Sie! Bevor es am Sp\u00e4tnachmittag nach Hause zur\u00fcckgeht, legen Sie noch eine z\u00fcnftige Einkehr im Blockhaus in Abstatt ein. Bei einem leckeren Wein und einem z\u00fcnftigen Vesper lassen Sie den Tag ausklingen!<br \/>\n<strong>69,&#8211; \u20ac inkl. Eintritt Gartenschau<\/strong><\/p>\n<p>&nbsp;<\/p>\n<p><strong>12.07.2026 Bad Nauheim &#038; Rosenfest in Steinfurth<\/strong><br \/>\nBesuchen Sie mit uns Steinfurth, Deutschlands \u00e4ltestes Rosendorf. An diesem Wochenende wird die K\u00f6nigin der Blumen auf dem Rosenfest geehrt. Der Rosenkorso mit den geschm\u00fcckten Wagen ist das gro\u00dfe Highlight. Mit unz\u00e4hligen Rosenbl\u00fcten geschm\u00fcckt, ziehen die farbenfrohen Prunkwagen und Fu\u00dfgruppen durch Steinfurth und tausende Zuschauer jubeln ihnen zu. Freuen Sie sich auf den farbenfrohen Umzug und die ausgelassene Stimmung in ganz Steinfurth! Stecken Sie in malerischen Innenh\u00f6fen selbst Rosen, folgen Sie Fachvortr\u00e4gen, bummeln sie vorbei an Verkaufsst\u00e4nden und genie\u00dfen Sie das umfangreiche Angebot an Speisen und Getr\u00e4nken<br \/>\n<strong>49,&#8211; \u20ac inkl. Eintritt Blumenkorso<\/strong><\/p>\n<p>&nbsp;\t\t\t<\/p>\n<p><strong>27.07.2026 Modewelt Adler &#038; Strau\u00dfenfarm Schaafheim<\/strong><br \/>\nBei einem leckeren Fr\u00fchst\u00fcck genie\u00dfen Sie die Modenschau bei<br \/>\nAdler in Haibach. Am Nachmittag besuchen Sie die Strau\u00dfenfarm<br \/>\nTannenhof im sch\u00f6nen Schaafheim am Rande des Odenwalds, die einzige Farm in Hessen. Bei einer F\u00fchrung erfahren Sie alles \u00fcber die Aufzucht und erleben die bezaubernden K\u00fcken\u2026<br \/>\n <strong>55,&#8211; \u20ac  inkl. Fr\u00fchst\u00fcck, Modenschau, Mittagessen, Eintritt Strau\u00dfenfarm, Kaffee&#038;Kuchen <\/strong><\/p>\n<p>&nbsp;<\/p>\n<p><strong>23.08.2026 Calw &#038; Kraba-Nescht <\/strong><br \/>\nEntdecken Sie das reizvolle kleine St\u00e4dtchen mit seiner reichen<br \/>\nKulturgeschichte und dem &#8222;schwarzen Wald&#8220;, der sich direkt vom<br \/>\nStadtgarten in Richtung der Berge hinaufzieht. Von einer schillernden<br \/>\nGeschichte und einstigem Reichtum ist eine malerische Fachwerkstadt<br \/>\nmit hunderten denkmalgesch\u00fctzten H\u00e4usern geblieben. Eine Einkehr in der urigen Gastst\u00e4tte \u201eKrabba-Nescht\u201c und eine Lik\u00f6rprobe im Blackwood-Keller rundet den Tag ab.<br \/>\n<strong>45,&#8211; inkl. Stadtf\u00fchrung &#038; 2 Proben<\/strong><\/p>\n<p>&nbsp;<\/p>\n<p><strong>14.09.2026 Palmengarten Frankfurt &#038; Ebble-Woi in Sachsenhausen  <\/strong><br \/>\nPflanzen aus aller Welt, alter Baumbestand, Wiesen und Wasser, Wildheit und Wissen \u2013 der Palmengarten ist ein Ort, der seinesgleichen sucht. Auf rund 19 Hektar wachsen im Freiland und unter den D\u00e4chern seiner teilweise historischen Schauh\u00e4user rund 13.000 Pflanzenarten. Der Palmengarten ist zu jeder Jahreszeit ein Publikumsmagnet.     Bevor es am Sp\u00e4tnachmittag nach Hause zur\u00fcckgeht, legen Sie noch einen Stopp in einer typischen Ebbelwoi-Wirtschaft im f\u00fcr seine Apfelweinlokale ber\u00fchmten Frankfurter Stadtteil Sachsenhausen ein.<br \/>\n<strong>45,&#8211; inkl. Eintritt Palmengarten<\/strong><\/p>\n<p>&nbsp;<\/p>\n<p><strong>31.10.2026 Crysanthema Lahr<\/strong><br \/>\nInmitten der bezaubernden Fachwerkaltstadt von Lahr besuchen Sie<br \/>\ndie weithin bekannte Blumenausstellung \u201eChrysanthema\u201c. Spazieren Sie gem\u00fctlich durch die blumengeschm\u00fcckten Gassen und lassen Sie sich begeistern von einem Festival voll bl\u00fchender Fantasien. 10.000 Chrysan-themen verwandeln die historische Innenstadt in eine \u00fcppige Farbenpracht: Filigrane Spinnenchrysanthemen wechseln sich ab mit \u00fcppigen Kaskaden, farbenfrohen Chrysanthemen-B\u00fcschen und ausladenden Pyramiden\u2026<br \/>\n<strong>45,&#8211; \u20ac inl. Stadtf\u00fchrung Lahr<\/strong><\/p>\n<p>&nbsp;<\/p>\n<p><strong>03.12.26 \u201eWeihnachtszauber im Spessart\u201c<\/strong><br \/>\nFestlich geschm\u00fcckte Weihnachtsst\u00e4nde im Schein funkelnder Lichterketten k\u00fcndigen den Aschaffenburger Weihnachtsmarkt an. Der Duft von Gl\u00fchwein, gebrannten Mandeln, Reibekuchen und Rostbratw\u00fcrsten liegt in der Luft und l\u00e4dt zum vorweihnachtlichen Bummel vor malerischer Schlosskulisse ein. Eine Weihnachtskrippe im fr\u00e4nkischen Stil mit lebensgro\u00dfen Holzfiguren ist der Mittelpunkt des Weihnachtsmarktes. Danach geht es zur besinnlichen Weihnachtsfeier im J\u00e4gerhof, der einen gem\u00fctlichen, zauberhaften Rahmen im weihnachtlichen Ambiente bietet. Das Theaterst\u00fcck \u201eWeihnachten bei den Spessartr\u00e4ubern\u201c stimmt Sie auf die Adventszeit ein.<\/p>\n<p><strong>79,&#8211; \u20ac inkl. Mittagessen, Kaffee\/ Tee \u201esatt\u201c + 1 St\u00fcck Torte, Weihnachtsfeier als Theaterst\u00fcck \u201eWeihnachten bei den Spessartr\u00e4ubern\u201c, Geschenk <\/strong><\/p>\n<p>&nbsp;<\/p>\n<p><strong>08.12.2026\tWeihnachts- und Mittelaltermarkt in St. Wendel  <\/strong><br \/>\nDer St. Wendeler Weihnachts- &#038; Mittelaltermarkt geh\u00f6rt zu den Top 10 der sch\u00f6nsten deutschen Weihnachtsm\u00e4rkte. Inmitten der historischen Altstadt laden festlich geschm\u00fcckte St\u00e4nde zum Entdecken, Genie\u00dfen und Verweilen ein: hochwertiges Kunsthandwerk, traditionelle Weihnachtsdekoration, Geschenkideen und handgefertigte Unikate. Der mittelalterliche Marktteil begeistert mit Gauklern, Spielleuten und Handwerksvorf\u00fchrungen. Der liebevoll gestaltete Zwergenwald mit \u00fcber 300 kleinen Wichteln in 19 Miniaturh\u00e4usern ist eine bundesweit einzigartige Attraktion. Weitere Publikumslieblinge sind die zw\u00f6lf Meter hohe Weihnachtspyramide, der Krippenweg, mannshohe Nussknacker und der festlich geschm\u00fcckte Weihnachtsbaum unter einem Lichternetz<br \/>\n<strong>39,&#8211; \u20ac<\/strong><\/p>\n<p>&nbsp;<\/p>\n<p><strong>Informationen &amp; Anmeldung:<\/strong><\/p>\n<p><strong>Reiseb\u00fcro Mayer GmbH<\/strong><br \/>\n<strong>Hauptstr. 15, 69151 Neckargem\u00fcnd<\/strong><br \/>\n<strong>Telefon 06223\/6144<\/strong><\/p>\n<p>&nbsp;<\/p>\n","protected":false},"excerpt":{"rendered":"<p>Tagesfahrtenprogramm 2026 27.04.2026 Fachwerkstadt Wissembourg &#038; Kurpark Bad Bergzabern Einst ein kleiner Marktflecken aus Winzern und Handwerkern, hat es das wundersch\u00f6ne Wissembourg verstanden, sich sein urspr\u00fcngliches Flair und sein Kulturerbe zu bewahren. Bei einer ca. 50-min\u00fctigen Rundfahrt mit dem Minizug bewundern Sie das architektonische Erbe der Abteikirche Peter und Paul, die die D\u00e4cher der Altstadt&#8230;<\/p>\n","protected":false},"author":1,"featured_media":40,"parent":0,"menu_order":0,"comment_status":"closed","ping_status":"closed","template":"","meta":[],"_links":{"self":[{"href":"https:\/\/www.traumreisen-mit-mayer.de\/index.php?rest_route=\/wp\/v2\/pages\/24"}],"collection":[{"href":"https:\/\/www.traumreisen-mit-mayer.de\/index.php?rest_route=\/wp\/v2\/pages"}],"about":[{"href":"https:\/\/www.traumreisen-mit-mayer.de\/index.php?rest_route=\/wp\/v2\/types\/page"}],"author":[{"embeddable":true,"href":"https:\/\/www.traumreisen-mit-mayer.de\/index.php?rest_route=\/wp\/v2\/users\/1"}],"replies":[{"embeddable":true,"href":"https:\/\/www.traumreisen-mit-mayer.de\/index.php?rest_route=%2Fwp%2Fv2%2Fcomments&post=24"}],"version-history":[{"count":36,"href":"https:\/\/www.traumreisen-mit-mayer.de\/index.php?rest_route=\/wp\/v2\/pages\/24\/revisions"}],"predecessor-version":[{"id":1148,"href":"https:\/\/www.traumreisen-mit-mayer.de\/index.php?rest_route=\/wp\/v2\/pages\/24\/revisions\/1148"}],"wp:featuredmedia":[{"embeddable":true,"href":"https:\/\/www.traumreisen-mit-mayer.de\/index.php?rest_route=\/wp\/v2\/media\/40"}],"wp:attachment":[{"href":"https:\/\/www.traumreisen-mit-mayer.de\/index.php?rest_route=%2Fwp%2Fv2%2Fmedia&parent=24"}],"curies":[{"name":"wp","href":"https:\/\/api.w.org\/{rel}","templated":true}]}}